{"id":251,"date":"2024-04-09T11:40:02","date_gmt":"2024-04-09T11:40:02","guid":{"rendered":"https:\/\/wp.fairhotels.es\/?page_id=251"},"modified":"2024-04-15T10:21:27","modified_gmt":"2024-04-15T10:21:27","slug":"aviso-legal","status":"publish","type":"page","link":"https:\/\/fairhotels.es\/?page_id=251","title":{"rendered":"AVISO LEGAL"},"content":{"rendered":"\n<h5 class=\"wp-block-heading has-x-large-font-size\">1. ASPECTOS GENERALES<\/h5>\n\n\n\n<p class=\"has-text-color has-link-color has-system-sans-serif-font-family wp-elements-361d775a976799d5b1bbfaf2c48bf3d3\" style=\"color:#4c827c\">Lee atentamente el siguiente aviso legal relativo al sitio web de Hoteles  Laboralmente Responsables (\u00abFairhotels.es\u00bb), si tienes cualquier cuesti\u00f3n relativa al mismo no dudes en contactar con nosotros a trav\u00e9s del formulario de contacto de la p\u00e1gina o del correo info@ Fairhotels.es<\/p>\n\n\n\n<p class=\"has-text-color has-link-color has-system-sans-serif-font-family wp-elements-6563b99f4778575e8b087582651e116b\" style=\"color:#4c827c\">Hoteles Laboralmente responsables (\u00abFairhotels.es\u00bb) es un proyecto conjunto de la Federaci\u00f3n de Servicios de CCOO y la Federaci\u00f3n de Servicios de Movilidad y Consumo de la UGT, que gestiona los contenidos del sitio web www.Fairhotels .es con domicilio social a estos efectos en Albasanz, 3 1a planta 28037 Madrid (CCOO) y Avenida de Am\u00e9rica, 25 &#8211; 8\u00aa planta 28002 Madrid<\/p>\n\n\n\n<h6 class=\"wp-block-heading has-x-large-font-size\">Aceptaci\u00f3n y vigencia de las condiciones generales y particulares.<\/h6>\n\n\n\n<p class=\"has-text-color has-link-color has-system-sans-serif-font-family wp-elements-a8301b551a91984a2f24175bb2035b11\" style=\"color:#4c827c\">La navegaci\u00f3n en esta p\u00e1gina web te atribuye la condici\u00f3n de usuario o usuaria y supone tu aceptaci\u00f3n plena y sin reservas de todas y cada una de las Condiciones Generales y, en su caso, Particulares vigentes en el momento en que como usuario o usuaria accede a la pagina Web.<\/p>\n\n\n\n<p class=\"has-text-color has-link-color has-system-sans-serif-font-family wp-elements-abd94018f0225abb5a150332b21510c4\" style=\"color:#4c827c\">Hoteles Laboralmente responsables (\u00abFairhotels.es\u00bb) se reserva el derecho a ampliar y modificar unilateralmente, en cualquier momento y sin previo aviso, la presentaci\u00f3n, configuraci\u00f3n y contenidos de la p\u00e1gina web, as\u00ed como suspender temporalmente la presentaci\u00f3n, configuraci\u00f3n, especificaciones. t\u00e9cnicas y servicios del sitio web, de la misma forma.<\/p>\n\n\n\n<h5 class=\"wp-block-heading has-x-large-font-size\">2. CONDICIONES GENERALES DE USO DEL SITIO WEB<\/h5>\n\n\n\n<h6 class=\"wp-block-heading has-large-font-size\">2.1. Obligaciones de uso<\/h6>\n\n\n\n<p class=\"has-text-color has-link-color has-system-sans-serif-font-family wp-elements-84a89c60ee0ccb5b790d93dd2a214fe0\" style=\"color:#4c827c\">Con car\u00e1cter general, como Usuario o Usuaria te obliga al cumplimiento de las presentes condiciones y t\u00e9rminos de uso, ya obrar siempre conforme a la ley, a las buenas costumbres y a las exigencias de la buena fe, empleando la diligencia adecuada a la naturaleza del servicio. del que disfrutas y absteni\u00e9ndote de utilizar el presente sitio web de cualquier forma que pueda impedir, da\u00f1ar o deteriorar el normal funcionamiento del mismo, los bienes o derechos de los titulares  (Federaci\u00f3n de Servicios de CCOO y Federaci\u00f3n de Servicios, Movilidad y Consumo de UGT), del resto de Usuarios o, en general, de cualquier tercero.<\/p>\n\n\n\n<p class=\"has-text-color has-link-color has-system-sans-serif-font-family wp-elements-c1f9fad451f19b9d6e1b4e4f4dd11e35\" style=\"color:#4c827c\">En particular, y sin que ello implique restricci\u00f3n alguna a la obligaci\u00f3n asumida por el Usuario con car\u00e1cter general de conformidad con el apartado anterior, como Usuario o Usuaria te obliga, en la utilizaci\u00f3n del presente sitio web a:<\/p>\n\n\n\n<ul style=\"color:#4c827c\" class=\"has-text-color has-link-color has-system-sans-serif-font-family wp-block-list wp-elements-2f5f1c361f7c0b046b655a3bf6ef50d8\">\n<li>En caso de que se te facilite, debes custodiar adecuadamente el \u00abNombre de Usuario\u00bb y la \u00abContrase\u00f1a\u00bb que te sea facilitada por \u00abfairhotels.es\u00bb como elementos identificadores y habilitadores para el acceso a los distintos servicios ofrecidos en el sitio web. comprometi\u00e9ndote a no ceder su uso ni a permitir el acceso a ellos de terceros, asumiendo la responsabilidad por los da\u00f1os y perjuicios que puedan derivarse de un uso indebido de los mismos.<\/li>\n\n\n\n<li>No introducir, almacenar o difundir en o desde el sitio web, cualquier informaci\u00f3n o material que fuera difamatorio, injurioso, obsceno, amenazador, xen\u00f3fobo, incite a la violencia, a la discriminaci\u00f3n por raz\u00f3n de raza, sexo, ideolog\u00eda, religi\u00f3n o que de cualquier forma atente contra la moral, el orden p\u00fablico, los derechos fundamentales, las libertades p\u00fablicas, el honor, la intimidad o la imagen de terceros y, en general, que vulnere la normativa vigente espa\u00f1ola y de su pa\u00eds de residencia.<\/li>\n\n\n\n<li>No introducir, almacenar o difundir mediante el sitio web ning\u00fan programa de ordenador, datos, virus, c\u00f3digo, o cualquier otro fichero que sea susceptible de causar da\u00f1os o cualquier tipo de alteraci\u00f3n en el sitio web, en cualquiera de los servicios, o en cualquiera de los equipos, sistemas o redes de \u00abFairhotels.es\u00bb o de cualquier Usuario o Usuaria, o en general de cualquier tercero, que pueda impedir el normal funcionamiento de los mismos.<\/li>\n\n\n\n<li>No destruir, alterar, utilizar para su uso, inutilizar o da\u00f1ar los datos, informaci\u00f3n, programas, documentos electr\u00f3nicos, o, en general, los ficheros, de la Federaci\u00f3n de Servicios de CCOO y la Federaci\u00f3n de Servicios, Movilidad. y Consumo de UGT, de los Usuarios o de terceros.<\/li>\n<\/ul>\n\n\n\n<p class=\"has-text-color has-link-color has-system-sans-serif-font-family wp-elements-0f1125c24af3eb527694ebe9cc6ae855\" style=\"color:#4c827c\">Hoteles Laboralmente Responsables (\u00abFairhotels.es\u00bb) podr\u00e1, en todo momento y sin previo aviso, modificar las presentes Condiciones Generales, as\u00ed como las Condiciones Particulares que, en su caso, se incluyen, mediante la publicaci\u00f3n de dichas modificaciones en el sitio. web con el fin de que puedan ser conocidas por los Usuarios.<\/p>\n\n\n\n<h6 class=\"wp-block-heading has-large-font-size\">2.2. Exoneraci\u00f3n de responsabilidad<\/h6>\n\n\n\n<p class=\"has-text-color has-link-color has-system-sans-serif-font-family wp-elements-888f600f65c2633e81693b22d242b29f\" style=\"color:#4c827c\">Hoteles Laboralmente Responsables (\u201cFairhotels.es\u201d). no ser\u00e1 responsable:<\/p>\n\n\n\n<ul style=\"color:#4c827c\" class=\"has-text-color has-link-color has-system-sans-serif-font-family wp-block-list wp-elements-544c1405ca5d8a08089c971267f98264\">\n<li>Con car\u00e1cter general, respecto del uso inadecuado de su sitio web. Los usuarios deben realizar un uso adecuado del mismo, de acuerdo con las condiciones y t\u00e9rminos anteriores, sin que ninguna responsabilidad pueda tener el titular por la utilizaci\u00f3n indebida.<\/li>\n\n\n\n<li>Respecto de posibles deficiencias t\u00e9cnicas. Hoteles Laboralmente Responsables (\u00abFairhotels.es\u00bb) no ser\u00e1 responsable en ning\u00fan caso de las modificaciones en el servicio que se produzcan por fallos en la red el\u00e9ctrica, en la red de conexi\u00f3n de datos, en el servidor o en las cuales quiera prestaciones.<\/li>\n\n\n\n<li>Respecto al acceso por terceros a su sistema Hoteles Laboralmente Responsables (\u00abFairhotels.es\u00bb) adoptar\u00e1 las cautelas t\u00e9cnicas necesarias a fin de proteger los datos e informaci\u00f3n a la que se accede, pero sin que sea responsable de las actuaciones de terceros que, vulnerando las medidas de seguridad establecidas, acceden a los datos citados.<\/li>\n\n\n\n<li>Hoteles Laboralmente Responsables (\u00abFairhotels.es\u00bb) invierte en medios tecnol\u00f3gicos que intentan minimizar el riesgo de virus y software similar, y contenidos no autorizados en sus sistemas de informaci\u00f3n. A pesar de ello, eres consciente de que debes adoptar tus propias medidas orientadas a minimizar los da\u00f1os ocasionados por software no autorizado, virus, troyanos y cualquier clase del software denominado malware, eximiendo a \u00abFairhotels.es\u00bb de toda responsabilidad que pudiese derivarse de la contenci\u00f3n de malware en los tratamientos habilitados en la presente web.<\/li>\n<\/ul>\n\n\n\n<h6 class=\"wp-block-heading has-large-font-size\">2.3. Utilizaci\u00f3n de hiperenlaces<\/h6>\n\n\n\n<p class=\"has-text-color has-link-color has-system-sans-serif-font-family wp-elements-0fdb612b5cc599de3f35035636542bc1\" style=\"color:#4c827c\">El usuario de Internet que quiera introducir enlaces desde sus propios Webs a la p\u00e1gina web deber\u00e1 cumplir con las condiciones que se detallan a continuaci\u00f3n sin que el desconocimiento de las mismas evite las responsabilidades derivadas de la Ley.<\/p>\n\n\n\n<p class=\"has-text-color has-link-color has-system-sans-serif-font-family wp-elements-04bfa9312f3725f8407775bb838e67ff\" style=\"color:#4c827c\">En el caso de disponer de un enlace hipertexto a alguna de las p\u00e1ginas de \u00abFairhotels.es\u00bb, el usuario debe saber que est\u00e1 entrando en www.fairhotels.es y debe percibir en su navegador su direcci\u00f3n URL.<\/p>\n\n\n\n<p class=\"has-text-color has-link-color has-system-sans-serif-font-family wp-elements-31e8c12f8c72f7921e4ec583648c5f20\" style=\"color:#4c827c\">Queda en todo caso prohibido, de acuerdo con la legislaci\u00f3n aplicable y vigente en cada momento, establezca frames o marcos de cualquier tipo que envuelvan a la p\u00e1gina web o permitan la visualizaci\u00f3n de los contenidos a trav\u00e9s de direcciones de Internet distintas a las de la p\u00e1gina web y, en cualquier caso, cuando se visualicen conjuntamente con contenidos ajenos a la p\u00e1gina web de forma que: (I) produzca, o pueda producir, error, confusi\u00f3n o enga\u00f1o en los usuarios sobre la verdadera procedencia del servicio o contenidos; (II) suponga un acto de comparaci\u00f3n o imitaci\u00f3n desleal; (III) sirva para aprovechar la reputaci\u00f3n de la marca y prestigio de Fairhotels.es o de cualquiera de las organizaciones que le dan soporte; o (IV) de cualquier otra forma resulte prohibida por la legislaci\u00f3n vigente.<\/p>\n\n\n\n<p class=\"has-text-color has-link-color has-system-sans-serif-font-family wp-elements-aa599ce1157b57cb4a62dab3e2fc3e61\" style=\"color:#4c827c\">No se realizar\u00e1n desde la p\u00e1gina que introduce el enlace ning\u00fan tipo de manifestaci\u00f3n falsa, inexacta o incorrecta sobre fairhotels.es su direcci\u00f3n, clientes o sobre la calidad de los servicios que presta.<\/p>\n\n\n\n<p class=\"has-text-color has-link-color has-system-sans-serif-font-family wp-elements-bd638f63e12e09daa53d673f809a2448\" style=\"color:#4c827c\">En ning\u00fan caso, se expresar\u00e1 en la p\u00e1gina donde se ubica el enlace que \u00abFairhotels.es\u00bb ha prestado su consentimiento para la inserci\u00f3n del enlace o que de otra forma patrocina, colabora, verifica o supervisa los servicios del remitente.<\/p>\n\n\n\n<p class=\"has-text-color has-link-color has-system-sans-serif-font-family wp-elements-e19b2905867117ab9749fa851dc2d40f\" style=\"color:#4c827c\">Est\u00e1 restringida la utilizaci\u00f3n de cualquier marca denominativa, gr\u00e1fica o mixta o cualquier otro signo distintivo de \u00abFairhotels.es\u00bb dentro de la p\u00e1gina del remitente a que se permita un enlace directo con la p\u00e1gina web en la forma establecida en esta cl\u00e1usula.<\/p>\n\n\n\n<p class=\"has-text-color has-link-color has-system-sans-serif-font-family wp-elements-1009ab8b43e9fba9f8480d7bc3b54f8e\" style=\"color:#4c827c\">La p\u00e1gina que establezca el enlace deber\u00e1 cumplir fielmente con la ley y no podr\u00e1 en ning\u00fan caso disponer o enlazar con contenidos propios o de terceros que: (I) sean il\u00edcitos, nocivos o contrarios a la moral ya las buenas costumbres (pornogr\u00e1ficos, violentos, racistas, etc.); (II) induzcan o puedan inducir en el Usuario o Usuaria la falsa concepci\u00f3n de que \u00abFairhotels.es\u00bb suscribe, respalda, se adhiere o de cualquier manera apoya, las ideas, manifestaciones o expresiones, l\u00edcitas o il\u00edcitas, del remitente; (III) resulten inapropiados o no pertinentes con la actividad de en atenci\u00f3n al lugar, contenidos y tem\u00e1ticas de la p\u00e1gina web del remitente. Igualmente, el Usuario se abstiene de incluir en la p\u00e1gina web cualquier hiperenlace dirigido a una p\u00e1gina Web que contenga informaci\u00f3n o contenidos il\u00edcitos, contrarios a la moral y buenas costumbres generalmente aceptadas, y al orden p\u00fablico.<\/p>\n\n\n\n<h6 class=\"wp-block-heading has-large-font-size\">2.4 Uso de Cookies:<\/h6>\n\n\n\n<p class=\"has-text-color has-link-color has-system-sans-serif-font-family wp-elements-edd771d4f782384e78f60d51fd8a75e7\" style=\"color:#4c827c\">Servicios CCOO puede utilizar cookies cuando un usuario navega por esta p\u00e1gina web, con el objetivo de identificar y mejorar la navegaci\u00f3n y reforzar la seguridad. La utilizaci\u00f3n de estas cookies no proporciona por s\u00ed mismos ni nombres de usuario, ni ning\u00fan dato de car\u00e1cter personal, ni puede leer datos de su disco duro y permanece \u00fanicamente mientras se mantiene abierta la sesi\u00f3n, no almacen\u00e1ndose en su ordenador. Por otra parte, el usuario siempre tiene la posibilidad de configurar su navegador para ser avisado por pantalla.<\/p>\n\n\n\n<h6 class=\"wp-block-heading has-large-font-size\">2.5. Propiedad intelectual e industrial.<\/h6>\n\n\n\n<p class=\"has-text-color has-link-color has-system-sans-serif-font-family wp-elements-9a3b2fe6921583632bc7be837819380c\" style=\"color:#4c827c\">Todos los derechos de propiedad industrial e intelectual de la sede web www.\u00bbfairhotels.es\u00bb y de sus contenidos (textos, im\u00e1genes, sonidos, audio, v\u00eddeo, dise\u00f1os, creatividades, software y cualquier elemento susceptible de protecci\u00f3n) pertenecen a Fairhotels.es o, en su caso, a terceras personas.<\/p>\n\n\n\n<p class=\"has-text-color has-link-color has-system-sans-serif-font-family wp-elements-28d9fd2d952e9ae5e6dd3b6cf2e56fdf\" style=\"color:#4c827c\">El usuario puede visualizar todos los elementos, imprimirlos, copiarlos y almacenarlos en el disco duro de su ordenador o en cualquier otro soporte f\u00edsico quedando terminantemente prohibida su utilizaci\u00f3n con fines comerciales, as\u00ed como su modificaci\u00f3n, alteraciones o descompilaci\u00f3n.<\/p>\n\n\n\n<h6 class=\"wp-block-heading has-large-font-size\">2.6. Jurisdicci\u00f3n y legislaci\u00f3n aplicable<\/h6>\n\n\n\n<p class=\"has-text-color has-link-color has-system-sans-serif-font-family wp-elements-716752cdd79144eb30c0c3a9a4ac0d16\" style=\"color:#4c827c\">Los t\u00e9rminos y condiciones que rigen este portal web y todas las relaciones que puedan derivarse se encuentran salvaguardados por la legislaci\u00f3n espa\u00f1ola.<\/p>\n\n\n\n<p class=\"has-text-color has-link-color has-system-sans-serif-font-family wp-elements-803129f6acd94f78e0587219e5539792\" style=\"color:#4c827c\">Cualquier controversia que pudiera derivarse del acceso o la utilizaci\u00f3n de este portal web ser\u00e1 de competencia de los tribunales de la ciudad de Madrid.<\/p>\n\n\n\n<p class=\"has-text-color has-link-color has-system-sans-serif-font-family wp-elements-051e1ee462d19194663e1f6684b3a17c\" style=\"color:#4c827c\">Fairhotels.es. \u00a9 2024 Algunos derechos reservados. Creative Commons Reconocimiento-NoComercial<\/p>\n\n\n<div class=\"is-default-size aligncenter wp-block-site-logo\"><a href=\"https:\/\/fairhotels.es\/\" class=\"custom-logo-link\" rel=\"home\"><img loading=\"lazy\" decoding=\"async\" width=\"2599\" height=\"3627\" src=\"https:\/\/fairhotels.es\/wp-content\/uploads\/2024\/03\/Nuevo-Logo-sello-hoteles-laboralmente-responsables_Mesa-de-trabajo-1-copia-11.png\" class=\"custom-logo\" alt=\"fairshotels.es\" srcset=\"https:\/\/fairhotels.es\/wp-content\/uploads\/2024\/03\/Nuevo-Logo-sello-hoteles-laboralmente-responsables_Mesa-de-trabajo-1-copia-11.png 2599w, https:\/\/fairhotels.es\/wp-content\/uploads\/2024\/03\/Nuevo-Logo-sello-hoteles-laboralmente-responsables_Mesa-de-trabajo-1-copia-11-215x300.png 215w, https:\/\/fairhotels.es\/wp-content\/uploads\/2024\/03\/Nuevo-Logo-sello-hoteles-laboralmente-responsables_Mesa-de-trabajo-1-copia-11-734x1024.png 734w, https:\/\/fairhotels.es\/wp-content\/uploads\/2024\/03\/Nuevo-Logo-sello-hoteles-laboralmente-responsables_Mesa-de-trabajo-1-copia-11-768x1072.png 768w, https:\/\/fairhotels.es\/wp-content\/uploads\/2024\/03\/Nuevo-Logo-sello-hoteles-laboralmente-responsables_Mesa-de-trabajo-1-copia-11-1101x1536.png 1101w, https:\/\/fairhotels.es\/wp-content\/uploads\/2024\/03\/Nuevo-Logo-sello-hoteles-laboralmente-responsables_Mesa-de-trabajo-1-copia-11-1468x2048.png 1468w\" sizes=\"auto, (max-width: 2599px) 100vw, 2599px\" \/><\/a><\/div>\n\n<nav class=\"has-small-font-size items-justified-center wp-block-navigation is-content-justification-center is-layout-flex wp-container-core-navigation-is-layout-a89b3969 wp-block-navigation-is-layout-flex\" aria-label=\"Navegaci\u00f3n de Pie de p\u00e1gina\"><ul class=\"wp-block-navigation__container has-small-font-size items-justified-center wp-block-navigation has-small-font-size\"><li class=\"has-small-font-size wp-block-navigation-item is-style-arrow-link wp-block-navigation-link\"><a class=\"wp-block-navigation-item__content\"  href=\"https:\/\/fairhotels.es\/?page_id=137\"><span class=\"wp-block-navigation-item__label\">INICIO<\/span><\/a><\/li><li class=\"has-small-font-size wp-block-navigation-item is-style-arrow-link wp-block-navigation-link\"><a class=\"wp-block-navigation-item__content\"  href=\"https:\/\/fairhotels.es\/?page_id=2\"><span class=\"wp-block-navigation-item__label\">BUSCADOR<\/span><\/a><\/li><li class=\"has-small-font-size wp-block-navigation-item is-style-arrow-link wp-block-navigation-link\"><a class=\"wp-block-navigation-item__content\"  href=\"https:\/\/fairhotels.es\/?page_id=147\"><span class=\"wp-block-navigation-item__label\">CONTACTO<\/span><\/a><\/li><li style=\"text-transform:uppercase;\" class=\"has-small-font-size wp-block-navigation-item is-style-arrow-link wp-block-navigation-link\"><a class=\"wp-block-navigation-item__content\"  href=\"https:\/\/fairhotels.es\/?page_id=3\"><span class=\"wp-block-navigation-item__label\">Privacy Policy<\/span><\/a><\/li><li class=\"has-small-font-size wp-block-navigation-item is-style-arrow-link wp-block-navigation-link\"><a class=\"wp-block-navigation-item__content\"  href=\"https:\/\/fairhotels.es\/?page_id=251\" target=\"_blank\"  ><span class=\"wp-block-navigation-item__label\">AVISO LEGAL<\/span><\/a><\/li><\/ul><\/nav>","protected":false},"excerpt":{"rendered":"<p>1. ASPECTOS GENERALES Lee atentamente el siguiente aviso legal relativo al sitio web de Hoteles Laboralmente Responsables (\u00abFairhotels.es\u00bb), si tienes cualquier cuesti\u00f3n relativa al mismo no dudes en contactar con nosotros a trav\u00e9s del formulario de contacto de la p\u00e1gina o del correo info@ Fairhotels.es Hoteles Laboralmente responsables (\u00abFairhotels.es\u00bb) es un proyecto conjunto de la [&hellip;]<\/p>\n","protected":false},"author":2,"featured_media":0,"parent":0,"menu_order":0,"comment_status":"closed","ping_status":"closed","template":"","meta":{"footnotes":""},"class_list":["post-251","page","type-page","status-publish","hentry"],"yoast_head":"<!-- This site is optimized with the Yoast SEO plugin v27.3 - https:\/\/yoast.com\/product\/yoast-seo-wordpress\/ -->\n<title>AVISO LEGAL - fairshotels.es<\/title>\n<meta name=\"robots\" content=\"index, follow, max-snippet:-1, max-image-preview:large, max-video-preview:-1\" \/>\n<link rel=\"canonical\" href=\"https:\/\/fairhotels.es\/?page_id=251\" \/>\n<meta property=\"og:locale\" content=\"es_ES\" \/>\n<meta property=\"og:type\" content=\"article\" \/>\n<meta property=\"og:title\" content=\"AVISO LEGAL - fairshotels.es\" \/>\n<meta property=\"og:description\" content=\"1. ASPECTOS GENERALES Lee atentamente el siguiente aviso legal relativo al sitio web de Hoteles Laboralmente Responsables (\u00abFairhotels.es\u00bb), si tienes cualquier cuesti\u00f3n relativa al mismo no dudes en contactar con nosotros a trav\u00e9s del formulario de contacto de la p\u00e1gina o del correo info@ Fairhotels.es Hoteles Laboralmente responsables (\u00abFairhotels.es\u00bb) es un proyecto conjunto de la [&hellip;]\" \/>\n<meta property=\"og:url\" content=\"https:\/\/fairhotels.es\/?page_id=251\" \/>\n<meta property=\"og:site_name\" content=\"fairshotels.es\" \/>\n<meta property=\"article:modified_time\" content=\"2024-04-15T10:21:27+00:00\" \/>\n<meta name=\"twitter:card\" content=\"summary_large_image\" \/>\n<meta name=\"twitter:label1\" content=\"Tiempo de lectura\" \/>\n\t<meta name=\"twitter:data1\" content=\"8 minutos\" \/>\n<script type=\"application\/ld+json\" class=\"yoast-schema-graph\">{\"@context\":\"https:\\\/\\\/schema.org\",\"@graph\":[{\"@type\":\"WebPage\",\"@id\":\"https:\\\/\\\/fairhotels.es\\\/?page_id=251\",\"url\":\"https:\\\/\\\/fairhotels.es\\\/?page_id=251\",\"name\":\"AVISO LEGAL - fairshotels.es\",\"isPartOf\":{\"@id\":\"https:\\\/\\\/fairhotels.es\\\/#website\"},\"datePublished\":\"2024-04-09T11:40:02+00:00\",\"dateModified\":\"2024-04-15T10:21:27+00:00\",\"breadcrumb\":{\"@id\":\"https:\\\/\\\/fairhotels.es\\\/?page_id=251#breadcrumb\"},\"inLanguage\":\"es\",\"potentialAction\":[{\"@type\":\"ReadAction\",\"target\":[\"https:\\\/\\\/fairhotels.es\\\/?page_id=251\"]}]},{\"@type\":\"BreadcrumbList\",\"@id\":\"https:\\\/\\\/fairhotels.es\\\/?page_id=251#breadcrumb\",\"itemListElement\":[{\"@type\":\"ListItem\",\"position\":1,\"name\":\"Portada\",\"item\":\"https:\\\/\\\/fairhotels.es\\\/\"},{\"@type\":\"ListItem\",\"position\":2,\"name\":\"AVISO LEGAL\"}]},{\"@type\":\"WebSite\",\"@id\":\"https:\\\/\\\/fairhotels.es\\\/#website\",\"url\":\"https:\\\/\\\/fairhotels.es\\\/\",\"name\":\"fairshotels.es\",\"description\":\"\",\"publisher\":{\"@id\":\"https:\\\/\\\/fairhotels.es\\\/#organization\"},\"potentialAction\":[{\"@type\":\"SearchAction\",\"target\":{\"@type\":\"EntryPoint\",\"urlTemplate\":\"https:\\\/\\\/fairhotels.es\\\/?s={search_term_string}\"},\"query-input\":{\"@type\":\"PropertyValueSpecification\",\"valueRequired\":true,\"valueName\":\"search_term_string\"}}],\"inLanguage\":\"es\"},{\"@type\":\"Organization\",\"@id\":\"https:\\\/\\\/fairhotels.es\\\/#organization\",\"name\":\"fairshotels.es\",\"url\":\"https:\\\/\\\/fairhotels.es\\\/\",\"logo\":{\"@type\":\"ImageObject\",\"inLanguage\":\"es\",\"@id\":\"https:\\\/\\\/fairhotels.es\\\/#\\\/schema\\\/logo\\\/image\\\/\",\"url\":\"https:\\\/\\\/fairhotels.es\\\/wp-content\\\/uploads\\\/2024\\\/03\\\/Nuevo-Logo-sello-hoteles-laboralmente-responsables_Mesa-de-trabajo-1-copia-11.png\",\"contentUrl\":\"https:\\\/\\\/fairhotels.es\\\/wp-content\\\/uploads\\\/2024\\\/03\\\/Nuevo-Logo-sello-hoteles-laboralmente-responsables_Mesa-de-trabajo-1-copia-11.png\",\"width\":2599,\"height\":3627,\"caption\":\"fairshotels.es\"},\"image\":{\"@id\":\"https:\\\/\\\/fairhotels.es\\\/#\\\/schema\\\/logo\\\/image\\\/\"}}]}<\/script>\n<!-- \/ Yoast SEO plugin. -->","yoast_head_json":{"title":"AVISO LEGAL - fairshotels.es","robots":{"index":"index","follow":"follow","max-snippet":"max-snippet:-1","max-image-preview":"max-image-preview:large","max-video-preview":"max-video-preview:-1"},"canonical":"https:\/\/fairhotels.es\/?page_id=251","og_locale":"es_ES","og_type":"article","og_title":"AVISO LEGAL - fairshotels.es","og_description":"1. ASPECTOS GENERALES Lee atentamente el siguiente aviso legal relativo al sitio web de Hoteles Laboralmente Responsables (\u00abFairhotels.es\u00bb), si tienes cualquier cuesti\u00f3n relativa al mismo no dudes en contactar con nosotros a trav\u00e9s del formulario de contacto de la p\u00e1gina o del correo info@ Fairhotels.es Hoteles Laboralmente responsables (\u00abFairhotels.es\u00bb) es un proyecto conjunto de la [&hellip;]","og_url":"https:\/\/fairhotels.es\/?page_id=251","og_site_name":"fairshotels.es","article_modified_time":"2024-04-15T10:21:27+00:00","twitter_card":"summary_large_image","twitter_misc":{"Tiempo de lectura":"8 minutos"},"schema":{"@context":"https:\/\/schema.org","@graph":[{"@type":"WebPage","@id":"https:\/\/fairhotels.es\/?page_id=251","url":"https:\/\/fairhotels.es\/?page_id=251","name":"AVISO LEGAL - fairshotels.es","isPartOf":{"@id":"https:\/\/fairhotels.es\/#website"},"datePublished":"2024-04-09T11:40:02+00:00","dateModified":"2024-04-15T10:21:27+00:00","breadcrumb":{"@id":"https:\/\/fairhotels.es\/?page_id=251#breadcrumb"},"inLanguage":"es","potentialAction":[{"@type":"ReadAction","target":["https:\/\/fairhotels.es\/?page_id=251"]}]},{"@type":"BreadcrumbList","@id":"https:\/\/fairhotels.es\/?page_id=251#breadcrumb","itemListElement":[{"@type":"ListItem","position":1,"name":"Portada","item":"https:\/\/fairhotels.es\/"},{"@type":"ListItem","position":2,"name":"AVISO LEGAL"}]},{"@type":"WebSite","@id":"https:\/\/fairhotels.es\/#website","url":"https:\/\/fairhotels.es\/","name":"fairshotels.es","description":"","publisher":{"@id":"https:\/\/fairhotels.es\/#organization"},"potentialAction":[{"@type":"SearchAction","target":{"@type":"EntryPoint","urlTemplate":"https:\/\/fairhotels.es\/?s={search_term_string}"},"query-input":{"@type":"PropertyValueSpecification","valueRequired":true,"valueName":"search_term_string"}}],"inLanguage":"es"},{"@type":"Organization","@id":"https:\/\/fairhotels.es\/#organization","name":"fairshotels.es","url":"https:\/\/fairhotels.es\/","logo":{"@type":"ImageObject","inLanguage":"es","@id":"https:\/\/fairhotels.es\/#\/schema\/logo\/image\/","url":"https:\/\/fairhotels.es\/wp-content\/uploads\/2024\/03\/Nuevo-Logo-sello-hoteles-laboralmente-responsables_Mesa-de-trabajo-1-copia-11.png","contentUrl":"https:\/\/fairhotels.es\/wp-content\/uploads\/2024\/03\/Nuevo-Logo-sello-hoteles-laboralmente-responsables_Mesa-de-trabajo-1-copia-11.png","width":2599,"height":3627,"caption":"fairshotels.es"},"image":{"@id":"https:\/\/fairhotels.es\/#\/schema\/logo\/image\/"}}]}},"_links":{"self":[{"href":"https:\/\/fairhotels.es\/index.php?rest_route=\/wp\/v2\/pages\/251","targetHints":{"allow":["GET"]}}],"collection":[{"href":"https:\/\/fairhotels.es\/index.php?rest_route=\/wp\/v2\/pages"}],"about":[{"href":"https:\/\/fairhotels.es\/index.php?rest_route=\/wp\/v2\/types\/page"}],"author":[{"embeddable":true,"href":"https:\/\/fairhotels.es\/index.php?rest_route=\/wp\/v2\/users\/2"}],"replies":[{"embeddable":true,"href":"https:\/\/fairhotels.es\/index.php?rest_route=%2Fwp%2Fv2%2Fcomments&post=251"}],"version-history":[{"count":4,"href":"https:\/\/fairhotels.es\/index.php?rest_route=\/wp\/v2\/pages\/251\/revisions"}],"predecessor-version":[{"id":296,"href":"https:\/\/fairhotels.es\/index.php?rest_route=\/wp\/v2\/pages\/251\/revisions\/296"}],"wp:attachment":[{"href":"https:\/\/fairhotels.es\/index.php?rest_route=%2Fwp%2Fv2%2Fmedia&parent=251"}],"curies":[{"name":"wp","href":"https:\/\/api.w.org\/{rel}","templated":true}]}}